{"id":103,"date":"2017-03-02T16:17:54","date_gmt":"2017-03-02T18:17:54","guid":{"rendered":"http:\/\/www.2ndseasonband.fi\/?page_id=103"},"modified":"2024-10-19T11:28:05","modified_gmt":"2024-10-19T13:28:05","slug":"kuvat","status":"publish","type":"page","link":"https:\/\/www.2ndseasonband.fi\/?page_id=103","title":{"rendered":"Kuvat"},"content":{"rendered":"<p>[vc_row full_width=&#8221;stretch_row_content_no_spaces&#8221; css=&#8221;.vc_custom_1546622457801{margin-top: 75px !important;margin-bottom: 50px !important;}&#8221;][vc_column]<div class=\"gallerySection\"><div class=\"single-photo-album-container single-gallery-articles\"><div class=\"row\"><article><figure><figcaption><div class=\"hovereffect\"><img decoding=\"async\" class=\"img-responsive\" src=\"https:\/\/www.2ndseasonband.fi\/wp-content\/uploads\/2024\/10\/Band-800x450-1.jpg\" alt=\"\"><div class=\"overlay\"><a class=\"info lightbox\" href=\"https:\/\/www.2ndseasonband.fi\/wp-content\/uploads\/2024\/10\/Band-800x450-1.jpg\" data-rel=\"lightbox-image-0\" data-rl_title=\"\" data-rl_caption=\"\" title=\"\"><\/a><\/div><\/div><\/figcaption><\/figure><\/article><article><figure><figcaption><div class=\"hovereffect\"><img decoding=\"async\" class=\"img-responsive\" src=\"https:\/\/www.2ndseasonband.fi\/wp-content\/uploads\/2024\/10\/Emmi-400x450-1.jpg\" alt=\"\"><div class=\"overlay\"><a class=\"info lightbox\" href=\"https:\/\/www.2ndseasonband.fi\/wp-content\/uploads\/2024\/10\/Emmi-400x450-1.jpg\" data-rel=\"lightbox-image-1\" data-rl_title=\"\" data-rl_caption=\"\" title=\"\"><\/a><\/div><\/div><\/figcaption><\/figure><\/article><article><figure><figcaption><div class=\"hovereffect\"><img decoding=\"async\" class=\"img-responsive\" src=\"https:\/\/www.2ndseasonband.fi\/wp-content\/uploads\/2024\/10\/Ilari-400x450-1.jpg\" alt=\"\"><div class=\"overlay\"><a class=\"info lightbox\" href=\"https:\/\/www.2ndseasonband.fi\/wp-content\/uploads\/2024\/10\/Ilari-400x450-1.jpg\" data-rel=\"lightbox-image-2\" data-rl_title=\"\" data-rl_caption=\"\" title=\"\"><\/a><\/div><\/div><\/figcaption><\/figure><\/article><article><figure><figcaption><div class=\"hovereffect\"><img decoding=\"async\" class=\"img-responsive\" src=\"https:\/\/www.2ndseasonband.fi\/wp-content\/uploads\/2024\/10\/Toni-400x450-1.jpg\" alt=\"\"><div class=\"overlay\"><a class=\"info lightbox\" href=\"https:\/\/www.2ndseasonband.fi\/wp-content\/uploads\/2024\/10\/Toni-400x450-1.jpg\" data-rel=\"lightbox-image-3\" data-rl_title=\"\" data-rl_caption=\"\" title=\"\"><\/a><\/div><\/div><\/figcaption><\/figure><\/article><article><figure><figcaption><div class=\"hovereffect\"><img decoding=\"async\" class=\"img-responsive\" src=\"https:\/\/www.2ndseasonband.fi\/wp-content\/uploads\/2024\/10\/Jarno-400x450-1.jpg\" alt=\"\"><div class=\"overlay\"><a class=\"info lightbox\" href=\"https:\/\/www.2ndseasonband.fi\/wp-content\/uploads\/2024\/10\/Jarno-400x450-1.jpg\" data-rel=\"lightbox-image-4\" data-rl_title=\"\" data-rl_caption=\"\" title=\"\"><\/a><\/div><\/div><\/figcaption><\/figure><\/article><article><figure><figcaption><div class=\"hovereffect\"><img decoding=\"async\" class=\"img-responsive\" src=\"https:\/\/www.2ndseasonband.fi\/wp-content\/uploads\/2024\/10\/Band-3-800x450-1.jpg\" alt=\"\"><div class=\"overlay\"><a class=\"info lightbox\" href=\"https:\/\/www.2ndseasonband.fi\/wp-content\/uploads\/2024\/10\/Band-3-800x450-1.jpg\" data-rel=\"lightbox-image-5\" data-rl_title=\"\" data-rl_caption=\"\" title=\"\"><\/a><\/div><\/div><\/figcaption><\/figure><\/article><article><figure><figcaption><div class=\"hovereffect\"><img decoding=\"async\" class=\"img-responsive\" src=\"https:\/\/www.2ndseasonband.fi\/wp-content\/uploads\/2024\/10\/Band-2-800x450-1.jpg\" alt=\"\"><div class=\"overlay\"><a class=\"info lightbox\" href=\"https:\/\/www.2ndseasonband.fi\/wp-content\/uploads\/2024\/10\/Band-2-800x450-1.jpg\" data-rel=\"lightbox-image-6\" data-rl_title=\"\" data-rl_caption=\"\" title=\"\"><\/a><\/div><\/div><\/figcaption><\/figure><\/article><article><figure><figcaption><div class=\"hovereffect\"><img decoding=\"async\" class=\"img-responsive\" src=\"https:\/\/www.2ndseasonband.fi\/wp-content\/uploads\/2024\/10\/Emmi-2-400x450-1.jpg\" alt=\"\"><div class=\"overlay\"><a class=\"info lightbox\" href=\"https:\/\/www.2ndseasonband.fi\/wp-content\/uploads\/2024\/10\/Emmi-2-400x450-1.jpg\" data-rel=\"lightbox-image-7\" data-rl_title=\"\" data-rl_caption=\"\" title=\"\"><\/a><\/div><\/div><\/figcaption><\/figure><\/article><article><figure><figcaption><div class=\"hovereffect\"><img decoding=\"async\" class=\"img-responsive\" src=\"https:\/\/www.2ndseasonband.fi\/wp-content\/uploads\/2024\/10\/Ilari-2-400x450-1.jpg\" alt=\"\"><div class=\"overlay\"><a class=\"info lightbox\" href=\"https:\/\/www.2ndseasonband.fi\/wp-content\/uploads\/2024\/10\/Ilari-2-400x450-1.jpg\" data-rel=\"lightbox-image-8\" data-rl_title=\"\" data-rl_caption=\"\" title=\"\"><\/a><\/div><\/div><\/figcaption><\/figure><\/article><article><figure><figcaption><div class=\"hovereffect\"><img decoding=\"async\" class=\"img-responsive\" src=\"https:\/\/www.2ndseasonband.fi\/wp-content\/uploads\/2022\/12\/2022-Hannele-2.jpg\" alt=\"\"><div class=\"overlay\"><a class=\"info lightbox\" href=\"https:\/\/www.2ndseasonband.fi\/wp-content\/uploads\/2022\/12\/2022-Hannele-2.jpg\" data-rel=\"lightbox-image-9\" data-rl_title=\"\" data-rl_caption=\"\" title=\"\"><\/a><\/div><\/div><\/figcaption><\/figure><\/article><article><figure><figcaption><div class=\"hovereffect\"><img decoding=\"async\" class=\"img-responsive\" src=\"https:\/\/www.2ndseasonband.fi\/wp-content\/uploads\/2022\/12\/2022-Emmi.jpg\" alt=\"\"><div class=\"overlay\"><a class=\"info lightbox\" href=\"https:\/\/www.2ndseasonband.fi\/wp-content\/uploads\/2022\/12\/2022-Emmi.jpg\" data-rel=\"lightbox-image-10\" data-rl_title=\"\" data-rl_caption=\"\" title=\"\"><\/a><\/div><\/div><\/figcaption><\/figure><\/article><article><figure><figcaption><div class=\"hovereffect\"><img decoding=\"async\" class=\"img-responsive\" src=\"https:\/\/www.2ndseasonband.fi\/wp-content\/uploads\/2022\/12\/2022-Misc.jpg\" alt=\"\"><div class=\"overlay\"><a class=\"info lightbox\" href=\"https:\/\/www.2ndseasonband.fi\/wp-content\/uploads\/2022\/12\/2022-Misc.jpg\" data-rel=\"lightbox-image-11\" data-rl_title=\"\" data-rl_caption=\"\" title=\"\"><\/a><\/div><\/div><\/figcaption><\/figure><\/article><article><figure><figcaption><div class=\"hovereffect\"><img decoding=\"async\" class=\"img-responsive\" src=\"https:\/\/www.2ndseasonband.fi\/wp-content\/uploads\/2022\/12\/2022-Toni.jpg\" alt=\"\"><div class=\"overlay\"><a class=\"info lightbox\" href=\"https:\/\/www.2ndseasonband.fi\/wp-content\/uploads\/2022\/12\/2022-Toni.jpg\" data-rel=\"lightbox-image-12\" data-rl_title=\"\" data-rl_caption=\"\" title=\"\"><\/a><\/div><\/div><\/figcaption><\/figure><\/article><article><figure><figcaption><div class=\"hovereffect\"><img decoding=\"async\" class=\"img-responsive\" src=\"https:\/\/www.2ndseasonband.fi\/wp-content\/uploads\/2022\/12\/2022-Timo-2.jpg\" alt=\"\"><div class=\"overlay\"><a class=\"info lightbox\" href=\"https:\/\/www.2ndseasonband.fi\/wp-content\/uploads\/2022\/12\/2022-Timo-2.jpg\" data-rel=\"lightbox-image-13\" data-rl_title=\"\" data-rl_caption=\"\" title=\"\"><\/a><\/div><\/div><\/figcaption><\/figure><\/article><article><figure><figcaption><div class=\"hovereffect\"><img decoding=\"async\" class=\"img-responsive\" src=\"https:\/\/www.2ndseasonband.fi\/wp-content\/uploads\/2022\/12\/2022-Jarno.jpg\" alt=\"\"><div class=\"overlay\"><a class=\"info lightbox\" href=\"https:\/\/www.2ndseasonband.fi\/wp-content\/uploads\/2022\/12\/2022-Jarno.jpg\" data-rel=\"lightbox-image-14\" data-rl_title=\"\" data-rl_caption=\"\" title=\"\"><\/a><\/div><\/div><\/figcaption><\/figure><\/article><article><figure><figcaption><div class=\"hovereffect\"><img decoding=\"async\" class=\"img-responsive\" src=\"https:\/\/www.2ndseasonband.fi\/wp-content\/uploads\/2022\/12\/2022-Band-4.jpg\" alt=\"\"><div class=\"overlay\"><a class=\"info lightbox\" href=\"https:\/\/www.2ndseasonband.fi\/wp-content\/uploads\/2022\/12\/2022-Band-4.jpg\" data-rel=\"lightbox-image-15\" data-rl_title=\"\" data-rl_caption=\"\" title=\"\"><\/a><\/div><\/div><\/figcaption><\/figure><\/article><article><figure><figcaption><div class=\"hovereffect\"><img decoding=\"async\" class=\"img-responsive\" src=\"https:\/\/www.2ndseasonband.fi\/wp-content\/uploads\/2022\/12\/2022-Band-1-1.jpg\" alt=\"\"><div class=\"overlay\"><a class=\"info lightbox\" href=\"https:\/\/www.2ndseasonband.fi\/wp-content\/uploads\/2022\/12\/2022-Band-1-1.jpg\" data-rel=\"lightbox-image-16\" data-rl_title=\"\" data-rl_caption=\"\" title=\"\"><\/a><\/div><\/div><\/figcaption><\/figure><\/article><article><figure><figcaption><div class=\"hovereffect\"><img decoding=\"async\" class=\"img-responsive\" src=\"https:\/\/www.2ndseasonband.fi\/wp-content\/uploads\/2022\/12\/2022-Band-5.jpg\" alt=\"\"><div class=\"overlay\"><a class=\"info lightbox\" href=\"https:\/\/www.2ndseasonband.fi\/wp-content\/uploads\/2022\/12\/2022-Band-5.jpg\" data-rel=\"lightbox-image-17\" data-rl_title=\"\" data-rl_caption=\"\" title=\"\"><\/a><\/div><\/div><\/figcaption><\/figure><\/article><\/div><\/div><\/div><div class=\"gallerySection\"><div class=\"single-photo-album-container single-gallery-articles\"><div class=\"row\"><article><figure><figcaption><div class=\"hovereffect\"><img decoding=\"async\" class=\"img-responsive\" src=\"https:\/\/www.2ndseasonband.fi\/wp-content\/uploads\/2019\/01\/2ndSeasonBand-2604-Normi.jpg\" alt=\"\"><div class=\"overlay\"><a class=\"info lightbox\" href=\"https:\/\/www.2ndseasonband.fi\/wp-content\/uploads\/2019\/01\/2ndSeasonBand-2604-Normi.jpg\" data-rel=\"lightbox-image-18\" data-rl_title=\"\" data-rl_caption=\"\" title=\"\"><\/a><\/div><\/div><\/figcaption><\/figure><\/article><article><figure><figcaption><div class=\"hovereffect\"><img decoding=\"async\" class=\"img-responsive\" src=\"https:\/\/www.2ndseasonband.fi\/wp-content\/uploads\/2019\/01\/2ndSeasonBand-2991-H.jpg\" alt=\"\"><div class=\"overlay\"><a class=\"info lightbox\" href=\"https:\/\/www.2ndseasonband.fi\/wp-content\/uploads\/2019\/01\/2ndSeasonBand-2991-H.jpg\" data-rel=\"lightbox-image-19\" data-rl_title=\"\" data-rl_caption=\"\" title=\"\"><\/a><\/div><\/div><\/figcaption><\/figure><\/article><article><figure><figcaption><div class=\"hovereffect\"><img decoding=\"async\" class=\"img-responsive\" src=\"https:\/\/www.2ndseasonband.fi\/wp-content\/uploads\/2019\/01\/2ndSeasonBand-3026-E2.jpg\" alt=\"\"><div class=\"overlay\"><a class=\"info lightbox\" href=\"https:\/\/www.2ndseasonband.fi\/wp-content\/uploads\/2019\/01\/2ndSeasonBand-3026-E2.jpg\" data-rel=\"lightbox-image-20\" data-rl_title=\"\" data-rl_caption=\"\" title=\"\"><\/a><\/div><\/div><\/figcaption><\/figure><\/article><article><figure><figcaption><div class=\"hovereffect\"><img decoding=\"async\" class=\"img-responsive\" src=\"https:\/\/www.2ndseasonband.fi\/wp-content\/uploads\/2019\/01\/2ndSeasonBand-3101-T.jpg\" alt=\"\"><div class=\"overlay\"><a class=\"info lightbox\" href=\"https:\/\/www.2ndseasonband.fi\/wp-content\/uploads\/2019\/01\/2ndSeasonBand-3101-T.jpg\" data-rel=\"lightbox-image-21\" data-rl_title=\"\" data-rl_caption=\"\" title=\"\"><\/a><\/div><\/div><\/figcaption><\/figure><\/article><article><figure><figcaption><div class=\"hovereffect\"><img decoding=\"async\" class=\"img-responsive\" src=\"https:\/\/www.2ndseasonband.fi\/wp-content\/uploads\/2019\/01\/2ndSeasonBand-3162-R.jpg\" alt=\"\"><div class=\"overlay\"><a class=\"info lightbox\" href=\"https:\/\/www.2ndseasonband.fi\/wp-content\/uploads\/2019\/01\/2ndSeasonBand-3162-R.jpg\" data-rel=\"lightbox-image-22\" data-rl_title=\"\" data-rl_caption=\"\" title=\"\"><\/a><\/div><\/div><\/figcaption><\/figure><\/article><article><figure><figcaption><div class=\"hovereffect\"><img decoding=\"async\" class=\"img-responsive\" src=\"https:\/\/www.2ndseasonband.fi\/wp-content\/uploads\/2019\/01\/2ndSeasonBand-2586-Extra.jpg\" alt=\"\"><div class=\"overlay\"><a class=\"info lightbox\" href=\"https:\/\/www.2ndseasonband.fi\/wp-content\/uploads\/2019\/01\/2ndSeasonBand-2586-Extra.jpg\" data-rel=\"lightbox-image-23\" data-rl_title=\"\" data-rl_caption=\"\" title=\"\"><\/a><\/div><\/div><\/figcaption><\/figure><\/article><article><figure><figcaption><div class=\"hovereffect\"><img decoding=\"async\" class=\"img-responsive\" src=\"https:\/\/www.2ndseasonband.fi\/wp-content\/uploads\/2019\/01\/2ndSeasonBand-3232-Duo.jpg\" alt=\"\"><div class=\"overlay\"><a class=\"info lightbox\" href=\"https:\/\/www.2ndseasonband.fi\/wp-content\/uploads\/2019\/01\/2ndSeasonBand-3232-Duo.jpg\" data-rel=\"lightbox-image-24\" data-rl_title=\"\" data-rl_caption=\"\" title=\"\"><\/a><\/div><\/div><\/figcaption><\/figure><\/article><article><figure><figcaption><div class=\"hovereffect\"><img decoding=\"async\" class=\"img-responsive\" src=\"https:\/\/www.2ndseasonband.fi\/wp-content\/uploads\/2019\/01\/2ndSeasonBand-3113-J.jpg\" alt=\"\"><div class=\"overlay\"><a class=\"info lightbox\" href=\"https:\/\/www.2ndseasonband.fi\/wp-content\/uploads\/2019\/01\/2ndSeasonBand-3113-J.jpg\" data-rel=\"lightbox-image-25\" data-rl_title=\"\" data-rl_caption=\"\" title=\"\"><\/a><\/div><\/div><\/figcaption><\/figure><\/article><article><figure><figcaption><div class=\"hovereffect\"><img decoding=\"async\" class=\"img-responsive\" src=\"https:\/\/www.2ndseasonband.fi\/wp-content\/uploads\/2019\/01\/2ndSeasonBand-3222-Roll-up.jpg\" alt=\"\"><div class=\"overlay\"><a class=\"info lightbox\" href=\"https:\/\/www.2ndseasonband.fi\/wp-content\/uploads\/2019\/01\/2ndSeasonBand-3222-Roll-up.jpg\" data-rel=\"lightbox-image-26\" data-rl_title=\"\" data-rl_caption=\"\" title=\"\"><\/a><\/div><\/div><\/figcaption><\/figure><\/article><\/div><\/div><\/div>[\/vc_column][\/vc_row]<\/p>\n","protected":false},"excerpt":{"rendered":"<p>[vc_row full_width=&#8221;stretch_row_content_no_spaces&#8221; css=&#8221;.vc_custom_1546622457801{margin-top: 75px !important;margin-bottom: 50px !important;}&#8221;][vc_column][\/vc_column][\/vc_row]<\/p>\n","protected":false},"author":1,"featured_media":2104,"parent":0,"menu_order":0,"comment_status":"closed","ping_status":"closed","template":"template-parts\/template-full-width-empty.php","meta":{"footnotes":""},"class_list":["post-103","page","type-page","status-publish","has-post-thumbnail","hentry"],"yoast_head":"<!-- This site is optimized with the Yoast SEO plugin v24.9 - https:\/\/yoast.com\/wordpress\/plugins\/seo\/ -->\n<title>Bileb\u00e4ndi &amp; H\u00e4\u00e4b\u00e4ndi 2nd Season Band | Lappeenranta, Etel\u00e4-Karjala<\/title>\n<meta name=\"description\" content=\"2nd Season Band on nuorekas ja hyv\u00e4 h\u00e4\u00e4b\u00e4ndi h\u00e4ihin, menev\u00e4 bileb\u00e4ndi bileisiin tai loistava b\u00e4ndi mihin vaan juhliin! | Lappeenranta | 2ndseasonband.fi\" \/>\n<meta name=\"robots\" content=\"index, follow, max-snippet:-1, max-image-preview:large, max-video-preview:-1\" \/>\n<link rel=\"canonical\" href=\"https:\/\/www.2ndseasonband.fi\/?page_id=103\" \/>\n<meta property=\"og:locale\" content=\"en_US\" \/>\n<meta property=\"og:type\" content=\"article\" \/>\n<meta property=\"og:title\" content=\"Bileb\u00e4ndi &amp; H\u00e4\u00e4b\u00e4ndi 2nd Season Band | Lappeenranta, Etel\u00e4-Karjala\" \/>\n<meta property=\"og:description\" content=\"2nd Season Band on nuorekas ja hyv\u00e4 h\u00e4\u00e4b\u00e4ndi h\u00e4ihin, menev\u00e4 bileb\u00e4ndi bileisiin tai loistava b\u00e4ndi mihin vaan juhliin! | Lappeenranta | 2ndseasonband.fi\" \/>\n<meta property=\"og:url\" content=\"https:\/\/www.2ndseasonband.fi\/?page_id=103\" \/>\n<meta property=\"og:site_name\" content=\"Bileb&auml;ndi 2nd Season Band\" \/>\n<meta property=\"article:publisher\" content=\"https:\/\/www.facebook.com\/2ndseasonband\" \/>\n<meta property=\"article:modified_time\" content=\"2024-10-19T13:28:05+00:00\" \/>\n<meta property=\"og:image\" content=\"https:\/\/www.2ndseasonband.fi\/wp-content\/uploads\/2022\/12\/2022-Band-1.jpg\" \/>\n\t<meta property=\"og:image:width\" content=\"2048\" \/>\n\t<meta property=\"og:image:height\" content=\"1288\" \/>\n\t<meta property=\"og:image:type\" content=\"image\/jpeg\" \/>\n<meta name=\"twitter:card\" content=\"summary_large_image\" \/>\n<meta name=\"twitter:label1\" content=\"Est. reading time\" \/>\n\t<meta name=\"twitter:data1\" content=\"1 minute\" \/>\n<script type=\"application\/ld+json\" class=\"yoast-schema-graph\">{\"@context\":\"https:\/\/schema.org\",\"@graph\":[{\"@type\":\"WebPage\",\"@id\":\"https:\/\/www.2ndseasonband.fi\/?page_id=103\",\"url\":\"https:\/\/www.2ndseasonband.fi\/?page_id=103\",\"name\":\"Bileb\u00e4ndi & H\u00e4\u00e4b\u00e4ndi 2nd Season Band | Lappeenranta, Etel\u00e4-Karjala\",\"isPartOf\":{\"@id\":\"https:\/\/www.2ndseasonband.fi\/#website\"},\"primaryImageOfPage\":{\"@id\":\"https:\/\/www.2ndseasonband.fi\/?page_id=103#primaryimage\"},\"image\":{\"@id\":\"https:\/\/www.2ndseasonband.fi\/?page_id=103#primaryimage\"},\"thumbnailUrl\":\"https:\/\/www.2ndseasonband.fi\/wp-content\/uploads\/2022\/12\/2022-Band-1.jpg\",\"datePublished\":\"2017-03-02T18:17:54+00:00\",\"dateModified\":\"2024-10-19T13:28:05+00:00\",\"description\":\"2nd Season Band on nuorekas ja hyv\u00e4 h\u00e4\u00e4b\u00e4ndi h\u00e4ihin, menev\u00e4 bileb\u00e4ndi bileisiin tai loistava b\u00e4ndi mihin vaan juhliin! | Lappeenranta | 2ndseasonband.fi\",\"breadcrumb\":{\"@id\":\"https:\/\/www.2ndseasonband.fi\/?page_id=103#breadcrumb\"},\"inLanguage\":\"en\",\"potentialAction\":[{\"@type\":\"ReadAction\",\"target\":[\"https:\/\/www.2ndseasonband.fi\/?page_id=103\"]}]},{\"@type\":\"ImageObject\",\"inLanguage\":\"en\",\"@id\":\"https:\/\/www.2ndseasonband.fi\/?page_id=103#primaryimage\",\"url\":\"https:\/\/www.2ndseasonband.fi\/wp-content\/uploads\/2022\/12\/2022-Band-1.jpg\",\"contentUrl\":\"https:\/\/www.2ndseasonband.fi\/wp-content\/uploads\/2022\/12\/2022-Band-1.jpg\",\"width\":2048,\"height\":1288,\"caption\":\"2nd Season Band\"},{\"@type\":\"BreadcrumbList\",\"@id\":\"https:\/\/www.2ndseasonband.fi\/?page_id=103#breadcrumb\",\"itemListElement\":[{\"@type\":\"ListItem\",\"position\":1,\"name\":\"Home\",\"item\":\"https:\/\/www.2ndseasonband.fi\/\"},{\"@type\":\"ListItem\",\"position\":2,\"name\":\"Kuvat\"}]},{\"@type\":\"WebSite\",\"@id\":\"https:\/\/www.2ndseasonband.fi\/#website\",\"url\":\"https:\/\/www.2ndseasonband.fi\/\",\"name\":\"Bileb&auml;ndi 2nd Season Band\",\"description\":\"H&auml;&auml;b&auml;ndi h&auml;ihin, bileb&auml;ndi bileisiin tai b&auml;ndi mihin vaan juhliin!\",\"potentialAction\":[{\"@type\":\"SearchAction\",\"target\":{\"@type\":\"EntryPoint\",\"urlTemplate\":\"https:\/\/www.2ndseasonband.fi\/?s={search_term_string}\"},\"query-input\":{\"@type\":\"PropertyValueSpecification\",\"valueRequired\":true,\"valueName\":\"search_term_string\"}}],\"inLanguage\":\"en\"}]}<\/script>\n<!-- \/ Yoast SEO plugin. -->","yoast_head_json":{"title":"Bileb\u00e4ndi & H\u00e4\u00e4b\u00e4ndi 2nd Season Band | Lappeenranta, Etel\u00e4-Karjala","description":"2nd Season Band on nuorekas ja hyv\u00e4 h\u00e4\u00e4b\u00e4ndi h\u00e4ihin, menev\u00e4 bileb\u00e4ndi bileisiin tai loistava b\u00e4ndi mihin vaan juhliin! | Lappeenranta | 2ndseasonband.fi","robots":{"index":"index","follow":"follow","max-snippet":"max-snippet:-1","max-image-preview":"max-image-preview:large","max-video-preview":"max-video-preview:-1"},"canonical":"https:\/\/www.2ndseasonband.fi\/?page_id=103","og_locale":"en_US","og_type":"article","og_title":"Bileb\u00e4ndi & H\u00e4\u00e4b\u00e4ndi 2nd Season Band | Lappeenranta, Etel\u00e4-Karjala","og_description":"2nd Season Band on nuorekas ja hyv\u00e4 h\u00e4\u00e4b\u00e4ndi h\u00e4ihin, menev\u00e4 bileb\u00e4ndi bileisiin tai loistava b\u00e4ndi mihin vaan juhliin! | Lappeenranta | 2ndseasonband.fi","og_url":"https:\/\/www.2ndseasonband.fi\/?page_id=103","og_site_name":"Bileb&auml;ndi 2nd Season Band","article_publisher":"https:\/\/www.facebook.com\/2ndseasonband","article_modified_time":"2024-10-19T13:28:05+00:00","og_image":[{"width":2048,"height":1288,"url":"https:\/\/www.2ndseasonband.fi\/wp-content\/uploads\/2022\/12\/2022-Band-1.jpg","type":"image\/jpeg"}],"twitter_card":"summary_large_image","twitter_misc":{"Est. reading time":"1 minute"},"schema":{"@context":"https:\/\/schema.org","@graph":[{"@type":"WebPage","@id":"https:\/\/www.2ndseasonband.fi\/?page_id=103","url":"https:\/\/www.2ndseasonband.fi\/?page_id=103","name":"Bileb\u00e4ndi & H\u00e4\u00e4b\u00e4ndi 2nd Season Band | Lappeenranta, Etel\u00e4-Karjala","isPartOf":{"@id":"https:\/\/www.2ndseasonband.fi\/#website"},"primaryImageOfPage":{"@id":"https:\/\/www.2ndseasonband.fi\/?page_id=103#primaryimage"},"image":{"@id":"https:\/\/www.2ndseasonband.fi\/?page_id=103#primaryimage"},"thumbnailUrl":"https:\/\/www.2ndseasonband.fi\/wp-content\/uploads\/2022\/12\/2022-Band-1.jpg","datePublished":"2017-03-02T18:17:54+00:00","dateModified":"2024-10-19T13:28:05+00:00","description":"2nd Season Band on nuorekas ja hyv\u00e4 h\u00e4\u00e4b\u00e4ndi h\u00e4ihin, menev\u00e4 bileb\u00e4ndi bileisiin tai loistava b\u00e4ndi mihin vaan juhliin! | Lappeenranta | 2ndseasonband.fi","breadcrumb":{"@id":"https:\/\/www.2ndseasonband.fi\/?page_id=103#breadcrumb"},"inLanguage":"en","potentialAction":[{"@type":"ReadAction","target":["https:\/\/www.2ndseasonband.fi\/?page_id=103"]}]},{"@type":"ImageObject","inLanguage":"en","@id":"https:\/\/www.2ndseasonband.fi\/?page_id=103#primaryimage","url":"https:\/\/www.2ndseasonband.fi\/wp-content\/uploads\/2022\/12\/2022-Band-1.jpg","contentUrl":"https:\/\/www.2ndseasonband.fi\/wp-content\/uploads\/2022\/12\/2022-Band-1.jpg","width":2048,"height":1288,"caption":"2nd Season Band"},{"@type":"BreadcrumbList","@id":"https:\/\/www.2ndseasonband.fi\/?page_id=103#breadcrumb","itemListElement":[{"@type":"ListItem","position":1,"name":"Home","item":"https:\/\/www.2ndseasonband.fi\/"},{"@type":"ListItem","position":2,"name":"Kuvat"}]},{"@type":"WebSite","@id":"https:\/\/www.2ndseasonband.fi\/#website","url":"https:\/\/www.2ndseasonband.fi\/","name":"Bileb&auml;ndi 2nd Season Band","description":"H&auml;&auml;b&auml;ndi h&auml;ihin, bileb&auml;ndi bileisiin tai b&auml;ndi mihin vaan juhliin!","potentialAction":[{"@type":"SearchAction","target":{"@type":"EntryPoint","urlTemplate":"https:\/\/www.2ndseasonband.fi\/?s={search_term_string}"},"query-input":{"@type":"PropertyValueSpecification","valueRequired":true,"valueName":"search_term_string"}}],"inLanguage":"en"}]}},"_links":{"self":[{"href":"https:\/\/www.2ndseasonband.fi\/index.php?rest_route=\/wp\/v2\/pages\/103","targetHints":{"allow":["GET"]}}],"collection":[{"href":"https:\/\/www.2ndseasonband.fi\/index.php?rest_route=\/wp\/v2\/pages"}],"about":[{"href":"https:\/\/www.2ndseasonband.fi\/index.php?rest_route=\/wp\/v2\/types\/page"}],"author":[{"embeddable":true,"href":"https:\/\/www.2ndseasonband.fi\/index.php?rest_route=\/wp\/v2\/users\/1"}],"replies":[{"embeddable":true,"href":"https:\/\/www.2ndseasonband.fi\/index.php?rest_route=%2Fwp%2Fv2%2Fcomments&post=103"}],"version-history":[{"count":34,"href":"https:\/\/www.2ndseasonband.fi\/index.php?rest_route=\/wp\/v2\/pages\/103\/revisions"}],"predecessor-version":[{"id":2269,"href":"https:\/\/www.2ndseasonband.fi\/index.php?rest_route=\/wp\/v2\/pages\/103\/revisions\/2269"}],"wp:featuredmedia":[{"embeddable":true,"href":"https:\/\/www.2ndseasonband.fi\/index.php?rest_route=\/wp\/v2\/media\/2104"}],"wp:attachment":[{"href":"https:\/\/www.2ndseasonband.fi\/index.php?rest_route=%2Fwp%2Fv2%2Fmedia&parent=103"}],"curies":[{"name":"wp","href":"https:\/\/api.w.org\/{rel}","templated":true}]}}