{"id":111,"date":"2017-03-02T16:23:06","date_gmt":"2017-03-02T18:23:06","guid":{"rendered":"http:\/\/www.2ndseasonband.fi\/?page_id=111"},"modified":"2025-09-15T14:01:58","modified_gmt":"2025-09-15T16:01:58","slug":"videot","status":"publish","type":"page","link":"https:\/\/www.2ndseasonband.fi\/?page_id=111","title":{"rendered":"Videot"},"content":{"rendered":"<p>[vc_row][vc_column width=&#8221;1\/2&#8243;][vc_video link=&#8221;https:\/\/youtu.be\/EOl_A2Xe4Gg?si&#8221;][\/vc_column][vc_column width=&#8221;1\/2&#8243;][vc_video link=&#8221;https:\/\/youtu.be\/IWQuX9tyXWo&#8221;][\/vc_column][\/vc_row][vc_row][vc_column width=&#8221;1\/2&#8243;][vc_video link=&#8221;https:\/\/youtu.be\/f6JzqM41oEk&#8221;][\/vc_column][vc_column width=&#8221;1\/2&#8243;][vc_video link=&#8221;https:\/\/youtu.be\/TrcToa872Cg&#8221;][\/vc_column][\/vc_row]<\/p>\n","protected":false},"excerpt":{"rendered":"<p>[vc_row][vc_column width=&#8221;1\/2&#8243;][vc_video link=&#8221;https:\/\/youtu.be\/EOl_A2Xe4Gg?si&#8221;][\/vc_column][vc_column width=&#8221;1\/2&#8243;][vc_video link=&#8221;https:\/\/youtu.be\/IWQuX9tyXWo&#8221;][\/vc_column][\/vc_row][vc_row][vc_column width=&#8221;1\/2&#8243;][vc_video link=&#8221;https:\/\/youtu.be\/f6JzqM41oEk&#8221;][\/vc_column][vc_column width=&#8221;1\/2&#8243;][vc_video link=&#8221;https:\/\/youtu.be\/TrcToa872Cg&#8221;][\/vc_column][\/vc_row]<\/p>\n","protected":false},"author":1,"featured_media":2106,"parent":0,"menu_order":0,"comment_status":"closed","ping_status":"closed","template":"template-parts\/template-full-width-empty.php","meta":{"footnotes":""},"class_list":["post-111","page","type-page","status-publish","has-post-thumbnail","hentry"],"yoast_head":"<!-- This site is optimized with the Yoast SEO plugin v24.9 - https:\/\/yoast.com\/wordpress\/plugins\/seo\/ -->\n<title>Bileb\u00e4ndi &amp; H\u00e4\u00e4b\u00e4ndi 2nd Season Band | Lappeenranta, Etel\u00e4-Karjala<\/title>\n<meta name=\"description\" content=\"2nd Season Band on nuorekas ja hyv\u00e4 h\u00e4\u00e4b\u00e4ndi h\u00e4ihin, menev\u00e4 bileb\u00e4ndi bileisiin tai loistava b\u00e4ndi mihin vaan juhliin! | Lappeenranta | 2ndseasonband.fi\" \/>\n<meta name=\"robots\" content=\"index, follow, max-snippet:-1, max-image-preview:large, max-video-preview:-1\" \/>\n<link rel=\"canonical\" href=\"https:\/\/www.2ndseasonband.fi\/?page_id=111\" \/>\n<meta property=\"og:locale\" content=\"en_US\" \/>\n<meta property=\"og:type\" content=\"article\" \/>\n<meta property=\"og:title\" content=\"Bileb\u00e4ndi &amp; H\u00e4\u00e4b\u00e4ndi 2nd Season Band | Lappeenranta, Etel\u00e4-Karjala\" \/>\n<meta property=\"og:description\" content=\"2nd Season Band on nuorekas ja hyv\u00e4 h\u00e4\u00e4b\u00e4ndi h\u00e4ihin, menev\u00e4 bileb\u00e4ndi bileisiin tai loistava b\u00e4ndi mihin vaan juhliin! | Lappeenranta | 2ndseasonband.fi\" \/>\n<meta property=\"og:url\" content=\"https:\/\/www.2ndseasonband.fi\/?page_id=111\" \/>\n<meta property=\"og:site_name\" content=\"Bileb&auml;ndi 2nd Season Band\" \/>\n<meta property=\"article:publisher\" content=\"https:\/\/www.facebook.com\/2ndseasonband\" \/>\n<meta property=\"article:modified_time\" content=\"2025-09-15T16:01:58+00:00\" \/>\n<meta property=\"og:image\" content=\"https:\/\/www.2ndseasonband.fi\/wp-content\/uploads\/2022\/12\/2022-Band-3.jpg\" \/>\n\t<meta property=\"og:image:width\" content=\"2048\" \/>\n\t<meta property=\"og:image:height\" content=\"1366\" \/>\n\t<meta property=\"og:image:type\" content=\"image\/jpeg\" \/>\n<meta name=\"twitter:card\" content=\"summary_large_image\" \/>\n<meta name=\"twitter:label1\" content=\"Est. reading time\" \/>\n\t<meta name=\"twitter:data1\" content=\"1 minute\" \/>\n<script type=\"application\/ld+json\" class=\"yoast-schema-graph\">{\"@context\":\"https:\/\/schema.org\",\"@graph\":[{\"@type\":\"WebPage\",\"@id\":\"https:\/\/www.2ndseasonband.fi\/?page_id=111\",\"url\":\"https:\/\/www.2ndseasonband.fi\/?page_id=111\",\"name\":\"Bileb\u00e4ndi & H\u00e4\u00e4b\u00e4ndi 2nd Season Band | Lappeenranta, Etel\u00e4-Karjala\",\"isPartOf\":{\"@id\":\"https:\/\/www.2ndseasonband.fi\/#website\"},\"primaryImageOfPage\":{\"@id\":\"https:\/\/www.2ndseasonband.fi\/?page_id=111#primaryimage\"},\"image\":{\"@id\":\"https:\/\/www.2ndseasonband.fi\/?page_id=111#primaryimage\"},\"thumbnailUrl\":\"https:\/\/www.2ndseasonband.fi\/wp-content\/uploads\/2022\/12\/2022-Band-3.jpg\",\"datePublished\":\"2017-03-02T18:23:06+00:00\",\"dateModified\":\"2025-09-15T16:01:58+00:00\",\"description\":\"2nd Season Band on nuorekas ja hyv\u00e4 h\u00e4\u00e4b\u00e4ndi h\u00e4ihin, menev\u00e4 bileb\u00e4ndi bileisiin tai loistava b\u00e4ndi mihin vaan juhliin! | Lappeenranta | 2ndseasonband.fi\",\"breadcrumb\":{\"@id\":\"https:\/\/www.2ndseasonband.fi\/?page_id=111#breadcrumb\"},\"inLanguage\":\"en\",\"potentialAction\":[{\"@type\":\"ReadAction\",\"target\":[\"https:\/\/www.2ndseasonband.fi\/?page_id=111\"]}]},{\"@type\":\"ImageObject\",\"inLanguage\":\"en\",\"@id\":\"https:\/\/www.2ndseasonband.fi\/?page_id=111#primaryimage\",\"url\":\"https:\/\/www.2ndseasonband.fi\/wp-content\/uploads\/2022\/12\/2022-Band-3.jpg\",\"contentUrl\":\"https:\/\/www.2ndseasonband.fi\/wp-content\/uploads\/2022\/12\/2022-Band-3.jpg\",\"width\":2048,\"height\":1366,\"caption\":\"2nd Season Band\"},{\"@type\":\"BreadcrumbList\",\"@id\":\"https:\/\/www.2ndseasonband.fi\/?page_id=111#breadcrumb\",\"itemListElement\":[{\"@type\":\"ListItem\",\"position\":1,\"name\":\"Home\",\"item\":\"https:\/\/www.2ndseasonband.fi\/\"},{\"@type\":\"ListItem\",\"position\":2,\"name\":\"Videot\"}]},{\"@type\":\"WebSite\",\"@id\":\"https:\/\/www.2ndseasonband.fi\/#website\",\"url\":\"https:\/\/www.2ndseasonband.fi\/\",\"name\":\"Bileb&auml;ndi 2nd Season Band\",\"description\":\"H&auml;&auml;b&auml;ndi h&auml;ihin, bileb&auml;ndi bileisiin tai b&auml;ndi mihin vaan juhliin!\",\"potentialAction\":[{\"@type\":\"SearchAction\",\"target\":{\"@type\":\"EntryPoint\",\"urlTemplate\":\"https:\/\/www.2ndseasonband.fi\/?s={search_term_string}\"},\"query-input\":{\"@type\":\"PropertyValueSpecification\",\"valueRequired\":true,\"valueName\":\"search_term_string\"}}],\"inLanguage\":\"en\"}]}<\/script>\n<!-- \/ Yoast SEO plugin. -->","yoast_head_json":{"title":"Bileb\u00e4ndi & H\u00e4\u00e4b\u00e4ndi 2nd Season Band | Lappeenranta, Etel\u00e4-Karjala","description":"2nd Season Band on nuorekas ja hyv\u00e4 h\u00e4\u00e4b\u00e4ndi h\u00e4ihin, menev\u00e4 bileb\u00e4ndi bileisiin tai loistava b\u00e4ndi mihin vaan juhliin! | Lappeenranta | 2ndseasonband.fi","robots":{"index":"index","follow":"follow","max-snippet":"max-snippet:-1","max-image-preview":"max-image-preview:large","max-video-preview":"max-video-preview:-1"},"canonical":"https:\/\/www.2ndseasonband.fi\/?page_id=111","og_locale":"en_US","og_type":"article","og_title":"Bileb\u00e4ndi & H\u00e4\u00e4b\u00e4ndi 2nd Season Band | Lappeenranta, Etel\u00e4-Karjala","og_description":"2nd Season Band on nuorekas ja hyv\u00e4 h\u00e4\u00e4b\u00e4ndi h\u00e4ihin, menev\u00e4 bileb\u00e4ndi bileisiin tai loistava b\u00e4ndi mihin vaan juhliin! | Lappeenranta | 2ndseasonband.fi","og_url":"https:\/\/www.2ndseasonband.fi\/?page_id=111","og_site_name":"Bileb&auml;ndi 2nd Season Band","article_publisher":"https:\/\/www.facebook.com\/2ndseasonband","article_modified_time":"2025-09-15T16:01:58+00:00","og_image":[{"width":2048,"height":1366,"url":"https:\/\/www.2ndseasonband.fi\/wp-content\/uploads\/2022\/12\/2022-Band-3.jpg","type":"image\/jpeg"}],"twitter_card":"summary_large_image","twitter_misc":{"Est. reading time":"1 minute"},"schema":{"@context":"https:\/\/schema.org","@graph":[{"@type":"WebPage","@id":"https:\/\/www.2ndseasonband.fi\/?page_id=111","url":"https:\/\/www.2ndseasonband.fi\/?page_id=111","name":"Bileb\u00e4ndi & H\u00e4\u00e4b\u00e4ndi 2nd Season Band | Lappeenranta, Etel\u00e4-Karjala","isPartOf":{"@id":"https:\/\/www.2ndseasonband.fi\/#website"},"primaryImageOfPage":{"@id":"https:\/\/www.2ndseasonband.fi\/?page_id=111#primaryimage"},"image":{"@id":"https:\/\/www.2ndseasonband.fi\/?page_id=111#primaryimage"},"thumbnailUrl":"https:\/\/www.2ndseasonband.fi\/wp-content\/uploads\/2022\/12\/2022-Band-3.jpg","datePublished":"2017-03-02T18:23:06+00:00","dateModified":"2025-09-15T16:01:58+00:00","description":"2nd Season Band on nuorekas ja hyv\u00e4 h\u00e4\u00e4b\u00e4ndi h\u00e4ihin, menev\u00e4 bileb\u00e4ndi bileisiin tai loistava b\u00e4ndi mihin vaan juhliin! | Lappeenranta | 2ndseasonband.fi","breadcrumb":{"@id":"https:\/\/www.2ndseasonband.fi\/?page_id=111#breadcrumb"},"inLanguage":"en","potentialAction":[{"@type":"ReadAction","target":["https:\/\/www.2ndseasonband.fi\/?page_id=111"]}]},{"@type":"ImageObject","inLanguage":"en","@id":"https:\/\/www.2ndseasonband.fi\/?page_id=111#primaryimage","url":"https:\/\/www.2ndseasonband.fi\/wp-content\/uploads\/2022\/12\/2022-Band-3.jpg","contentUrl":"https:\/\/www.2ndseasonband.fi\/wp-content\/uploads\/2022\/12\/2022-Band-3.jpg","width":2048,"height":1366,"caption":"2nd Season Band"},{"@type":"BreadcrumbList","@id":"https:\/\/www.2ndseasonband.fi\/?page_id=111#breadcrumb","itemListElement":[{"@type":"ListItem","position":1,"name":"Home","item":"https:\/\/www.2ndseasonband.fi\/"},{"@type":"ListItem","position":2,"name":"Videot"}]},{"@type":"WebSite","@id":"https:\/\/www.2ndseasonband.fi\/#website","url":"https:\/\/www.2ndseasonband.fi\/","name":"Bileb&auml;ndi 2nd Season Band","description":"H&auml;&auml;b&auml;ndi h&auml;ihin, bileb&auml;ndi bileisiin tai b&auml;ndi mihin vaan juhliin!","potentialAction":[{"@type":"SearchAction","target":{"@type":"EntryPoint","urlTemplate":"https:\/\/www.2ndseasonband.fi\/?s={search_term_string}"},"query-input":{"@type":"PropertyValueSpecification","valueRequired":true,"valueName":"search_term_string"}}],"inLanguage":"en"}]}},"_links":{"self":[{"href":"https:\/\/www.2ndseasonband.fi\/index.php?rest_route=\/wp\/v2\/pages\/111","targetHints":{"allow":["GET"]}}],"collection":[{"href":"https:\/\/www.2ndseasonband.fi\/index.php?rest_route=\/wp\/v2\/pages"}],"about":[{"href":"https:\/\/www.2ndseasonband.fi\/index.php?rest_route=\/wp\/v2\/types\/page"}],"author":[{"embeddable":true,"href":"https:\/\/www.2ndseasonband.fi\/index.php?rest_route=\/wp\/v2\/users\/1"}],"replies":[{"embeddable":true,"href":"https:\/\/www.2ndseasonband.fi\/index.php?rest_route=%2Fwp%2Fv2%2Fcomments&post=111"}],"version-history":[{"count":50,"href":"https:\/\/www.2ndseasonband.fi\/index.php?rest_route=\/wp\/v2\/pages\/111\/revisions"}],"predecessor-version":[{"id":2298,"href":"https:\/\/www.2ndseasonband.fi\/index.php?rest_route=\/wp\/v2\/pages\/111\/revisions\/2298"}],"wp:featuredmedia":[{"embeddable":true,"href":"https:\/\/www.2ndseasonband.fi\/index.php?rest_route=\/wp\/v2\/media\/2106"}],"wp:attachment":[{"href":"https:\/\/www.2ndseasonband.fi\/index.php?rest_route=%2Fwp%2Fv2%2Fmedia&parent=111"}],"curies":[{"name":"wp","href":"https:\/\/api.w.org\/{rel}","templated":true}]}}